{"id":88,"date":"2021-07-01T14:31:07","date_gmt":"2021-07-01T11:31:07","guid":{"rendered":"http:\/\/cagtay.com.tr\/?page_id=88"},"modified":"2021-08-23T17:20:37","modified_gmt":"2021-08-23T14:20:37","slug":"muhendislik-hizmetleri","status":"publish","type":"page","link":"http:\/\/cagtay.com.tr\/index.php\/muhendislik-hizmetleri\/","title":{"rendered":"M\u00fchendislik Hizmetleri"},"content":{"rendered":"\t\t<div data-elementor-type=\"wp-page\" data-elementor-id=\"88\" class=\"elementor elementor-88\" data-elementor-settings=\"[]\">\n\t\t\t\t\t\t\t<div class=\"elementor-section-wrap\">\n\t\t\t\t\t\t\t<section class=\"elementor-section elementor-top-section elementor-element elementor-element-1f2739dd elementor-section-boxed elementor-section-height-default elementor-section-height-default\" data-id=\"1f2739dd\" data-element_type=\"section\">\n\t\t\t\t\t\t<div class=\"elementor-container elementor-column-gap-default\">\n\t\t\t\t\t<div class=\"elementor-column elementor-col-100 elementor-top-column elementor-element elementor-element-12cbaa33\" data-id=\"12cbaa33\" data-element_type=\"column\">\n\t\t\t<div class=\"elementor-widget-wrap elementor-element-populated\">\n\t\t\t\t\t\t\t\t<div class=\"elementor-element elementor-element-4325e38 elementor-widget elementor-widget-text-editor\" data-id=\"4325e38\" data-element_type=\"widget\" data-widget_type=\"text-editor.default\">\n\t\t\t\t<div class=\"elementor-widget-container\">\n\t\t\t\t\t\t\t\t<!-- wp:paragraph -->\n<p><span style=\"color: #000000;\">Elektronik kart tasar\u0131m\u0131 &amp; \u00fcretimi alan\u0131nda projeleriniz ile ilgili AR&amp;GE ve m\u00fchendislik hizmeti vermekteyiz.<\/span><\/p>\n<p><span style=\"color: #000000;\"> Giri\u015fimcilik fikirleriniz, \u00fcr\u00fcn &amp; proje fikirleriniz tasar\u0131mdan prototipe, sonras\u0131nda seri \u00fcretime ge\u00e7i\u015fe kadar b\u00fct\u00fcn alanlarda gerekli m\u00fchendislik hizmetleri, piyasa analizi, pazar ara\u015ft\u0131rmas\u0131 gibi detayl\u0131 raporlar olu\u015fturmaktay\u0131z.\u00a0<\/span><\/p>\n<p><span style=\"color: #000000;\">IPC standartlar\u0131nda AR&amp;GE &#8211; \u00dcR&amp;GE \u00e7al\u0131\u015fmalar\u0131 gerekli m\u00fchendislik hizmetleri sunmaktay\u0131z.<\/span><\/p>\n<p><img loading=\"lazy\" decoding=\"async\" class=\"alignright size-full wp-image-464\" src=\"http:\/\/cagtay.com.tr\/wp-content\/uploads\/2021\/08\/ipc_standart.jpg\" alt=\"\" width=\"512\" height=\"353\" \/><\/p>\n<!-- \/wp:paragraph -->\t\t\t\t\t\t<\/div>\n\t\t\t\t<\/div>\n\t\t\t\t\t<\/div>\n\t\t<\/div>\n\t\t\t\t\t\t\t<\/div>\n\t\t<\/section>\n\t\t\t\t\t\t<\/div>\n\t\t\t\t\t<\/div>\n\t\t","protected":false},"excerpt":{"rendered":"<p>Elektronik kart tasar\u0131m\u0131 &amp; \u00fcretimi alan\u0131nda projeleriniz ile ilgili AR&amp;GE ve m\u00fchendislik hizmeti vermekteyiz. Giri\u015fimcilik fikirleriniz, \u00fcr\u00fcn &amp; proje fikirleriniz tasar\u0131mdan prototipe, sonras\u0131nda seri \u00fcretime ge\u00e7i\u015fe kadar b\u00fct\u00fcn alanlarda gerekli m\u00fchendislik hizmetleri, piyasa analizi, pazar ara\u015ft\u0131rmas\u0131 gibi detayl\u0131 raporlar olu\u015fturmaktay\u0131z.\u00a0 IPC standartlar\u0131nda AR&amp;GE &#8211; \u00dcR&amp;GE \u00e7al\u0131\u015fmalar\u0131 gerekli m\u00fchendislik hizmetleri sunmaktay\u0131z.<\/p>\n","protected":false},"author":2,"featured_media":0,"parent":0,"menu_order":0,"comment_status":"closed","ping_status":"closed","template":"","meta":{"footnotes":""},"class_list":["post-88","page","type-page","status-publish","hentry"],"_links":{"self":[{"href":"http:\/\/cagtay.com.tr\/index.php\/wp-json\/wp\/v2\/pages\/88","targetHints":{"allow":["GET"]}}],"collection":[{"href":"http:\/\/cagtay.com.tr\/index.php\/wp-json\/wp\/v2\/pages"}],"about":[{"href":"http:\/\/cagtay.com.tr\/index.php\/wp-json\/wp\/v2\/types\/page"}],"author":[{"embeddable":true,"href":"http:\/\/cagtay.com.tr\/index.php\/wp-json\/wp\/v2\/users\/2"}],"replies":[{"embeddable":true,"href":"http:\/\/cagtay.com.tr\/index.php\/wp-json\/wp\/v2\/comments?post=88"}],"version-history":[{"count":8,"href":"http:\/\/cagtay.com.tr\/index.php\/wp-json\/wp\/v2\/pages\/88\/revisions"}],"predecessor-version":[{"id":559,"href":"http:\/\/cagtay.com.tr\/index.php\/wp-json\/wp\/v2\/pages\/88\/revisions\/559"}],"wp:attachment":[{"href":"http:\/\/cagtay.com.tr\/index.php\/wp-json\/wp\/v2\/media?parent=88"}],"curies":[{"name":"wp","href":"https:\/\/api.w.org\/{rel}","templated":true}]}}