{"id":90,"date":"2021-07-01T14:31:37","date_gmt":"2021-07-01T11:31:37","guid":{"rendered":"http:\/\/cagtay.com.tr\/?page_id=90"},"modified":"2021-08-26T18:01:43","modified_gmt":"2021-08-26T15:01:43","slug":"pcb-dizgi","status":"publish","type":"page","link":"http:\/\/cagtay.com.tr\/index.php\/pcb-dizgi\/","title":{"rendered":"PCB Dizgi \u00c7\u00f6z\u00fcmleri"},"content":{"rendered":"\t\t<div data-elementor-type=\"wp-page\" data-elementor-id=\"90\" class=\"elementor elementor-90\" data-elementor-settings=\"[]\">\n\t\t\t\t\t\t\t<div class=\"elementor-section-wrap\">\n\t\t\t\t\t\t\t<section class=\"elementor-section elementor-top-section elementor-element elementor-element-20c54f52 elementor-section-boxed elementor-section-height-default elementor-section-height-default\" data-id=\"20c54f52\" data-element_type=\"section\">\n\t\t\t\t\t\t<div class=\"elementor-container elementor-column-gap-default\">\n\t\t\t\t\t<div class=\"elementor-column elementor-col-100 elementor-top-column elementor-element elementor-element-1297d889\" data-id=\"1297d889\" data-element_type=\"column\">\n\t\t\t<div class=\"elementor-widget-wrap elementor-element-populated\">\n\t\t\t\t\t\t\t\t<div class=\"elementor-element elementor-element-137f294a elementor-widget elementor-widget-text-editor\" data-id=\"137f294a\" data-element_type=\"widget\" data-widget_type=\"text-editor.default\">\n\t\t\t\t<div class=\"elementor-widget-container\">\n\t\t\t\t\t\t\t\t<p><span style=\"color: #000000;\">\u00c7a\u011ftay Elektronik, SMD dizgi hatt\u0131m\u0131z saatte 40.000 par\u00e7a dizgi kapasitelidir. <\/span><\/p><p><span style=\"color: #000000;\">Dizgi hatt\u0131m\u0131zda, 12 Zone&#8217;lu f\u0131r\u0131n ve yar\u0131 otomatik stencil bulunmaktad\u0131r. Projeniz ya da talebiniz \u00fczere kur\u015funlu veya kur\u015funsuz lehim se\u00e7ene\u011fimiz bulunmaktad\u0131r. <\/span><\/p><p><span style=\"color: #000000;\">Montaj\u0131 tamamlanm\u0131\u015f \u00fcr\u00fcnler siz de\u011ferli m\u00fc\u015fterilerimizin talebi \u00fczerine elektriksel teste al\u0131nmaktad\u0131r.\u00a0 Tamamlanm\u0131\u015f olan elektronik devreler kimyasal sol\u00fcsyonlar ile temizlenmektedir. <\/span><\/p><p><span style=\"color: #000000;\">Elektronik projelerinizdeki t\u00fcm PCB tasar\u0131m, bask\u0131l\u0131 devre kart\u0131,\u00a0 SMD dizgi montaj ihtiya\u00e7lar\u0131n\u0131z\u0131n h\u0131zl\u0131 ve eksiksiz hizmeti i\u00e7in bizimle ileti\u015fime ge\u00e7erek bizden projeniz i\u00e7in fiyat talebinde bulunabilirsiniz.<\/span><\/p><p><img loading=\"lazy\" decoding=\"async\" class=\"alignright size-full wp-image-203\" src=\"http:\/\/cagtay.com.tr\/wp-content\/uploads\/2021\/07\/WhatsApp-Image-2021-04-15-at-9.29.26-PM.jpeg\" alt=\"\" width=\"573\" height=\"573\" srcset=\"http:\/\/cagtay.com.tr\/wp-content\/uploads\/2021\/07\/WhatsApp-Image-2021-04-15-at-9.29.26-PM.jpeg 573w, http:\/\/cagtay.com.tr\/wp-content\/uploads\/2021\/07\/WhatsApp-Image-2021-04-15-at-9.29.26-PM-300x300.jpeg 300w, http:\/\/cagtay.com.tr\/wp-content\/uploads\/2021\/07\/WhatsApp-Image-2021-04-15-at-9.29.26-PM-150x150.jpeg 150w\" sizes=\"auto, (max-width: 573px) 100vw, 573px\" \/><\/p>\t\t\t\t\t\t<\/div>\n\t\t\t\t<\/div>\n\t\t\t\t\t<\/div>\n\t\t<\/div>\n\t\t\t\t\t\t\t<\/div>\n\t\t<\/section>\n\t\t\t\t\t\t<\/div>\n\t\t\t\t\t<\/div>\n\t\t","protected":false},"excerpt":{"rendered":"<p>\u00c7a\u011ftay Elektronik, SMD dizgi hatt\u0131m\u0131z saatte 40.000 par\u00e7a dizgi kapasitelidir. Dizgi hatt\u0131m\u0131zda, 12 Zone&#8217;lu f\u0131r\u0131n ve yar\u0131 otomatik stencil bulunmaktad\u0131r. Projeniz ya da talebiniz \u00fczere kur\u015funlu veya kur\u015funsuz lehim se\u00e7ene\u011fimiz bulunmaktad\u0131r. Montaj\u0131 tamamlanm\u0131\u015f \u00fcr\u00fcnler siz de\u011ferli m\u00fc\u015fterilerimizin talebi \u00fczerine elektriksel teste al\u0131nmaktad\u0131r.\u00a0 Tamamlanm\u0131\u015f olan elektronik devreler kimyasal sol\u00fcsyonlar ile temizlenmektedir. Elektronik projelerinizdeki t\u00fcm PCB tasar\u0131m, [&hellip;]<\/p>\n","protected":false},"author":2,"featured_media":0,"parent":0,"menu_order":0,"comment_status":"closed","ping_status":"closed","template":"","meta":{"footnotes":""},"class_list":["post-90","page","type-page","status-publish","hentry"],"_links":{"self":[{"href":"http:\/\/cagtay.com.tr\/index.php\/wp-json\/wp\/v2\/pages\/90","targetHints":{"allow":["GET"]}}],"collection":[{"href":"http:\/\/cagtay.com.tr\/index.php\/wp-json\/wp\/v2\/pages"}],"about":[{"href":"http:\/\/cagtay.com.tr\/index.php\/wp-json\/wp\/v2\/types\/page"}],"author":[{"embeddable":true,"href":"http:\/\/cagtay.com.tr\/index.php\/wp-json\/wp\/v2\/users\/2"}],"replies":[{"embeddable":true,"href":"http:\/\/cagtay.com.tr\/index.php\/wp-json\/wp\/v2\/comments?post=90"}],"version-history":[{"count":35,"href":"http:\/\/cagtay.com.tr\/index.php\/wp-json\/wp\/v2\/pages\/90\/revisions"}],"predecessor-version":[{"id":562,"href":"http:\/\/cagtay.com.tr\/index.php\/wp-json\/wp\/v2\/pages\/90\/revisions\/562"}],"wp:attachment":[{"href":"http:\/\/cagtay.com.tr\/index.php\/wp-json\/wp\/v2\/media?parent=90"}],"curies":[{"name":"wp","href":"https:\/\/api.w.org\/{rel}","templated":true}]}}